{"id":606,"date":"2021-10-01T16:09:53","date_gmt":"2021-10-01T20:09:53","guid":{"rendered":"https:\/\/gimbert.ca\/privacy-policy-2\/"},"modified":"2024-06-06T08:54:34","modified_gmt":"2024-06-06T12:54:34","slug":"politique-de-confidentialite","status":"publish","type":"page","link":"https:\/\/gimbert.ca\/fr\/politique-de-confidentialite\/","title":{"rendered":"Politique de confidentialit\u00e9"},"content":{"rendered":"\r\n<h2 class=\"wp-block-heading\">Qui nous sommes<\/h2>\r\n<p>L&#8217;adresse de notre site web est : https:\/\/gimbert.com.<\/p>\r\n<h2>Cookies<\/h2>\r\n<p>Si vous laissez un commentaire sur notre site, vous pouvez choisir d&#8217;enregistrer votre nom, adresse e-mail et site web dans des cookies. Ces cookies sont l\u00e0 pour votre convenence afin que vous n&#8217;ayez pas \u00e0 remplir \u00e0 nouveau vos informations lorsque vous laissez un autre commentaire. Ces cookies resteront enregistr\u00e9 pour un an.<\/p>\r\n<p>Si vous visitez notre page de connexion, nous \u00e9tablirons un cookie temporaire pour d\u00e9terminer si votre navigateur accepte les cookies. Ce cookie ne contient aucune donn\u00e9e personnelle et sera supprim\u00e9 lorsque vous fermerez votre navigateur.<\/p>\r\n<p>Lorsque vous vous connectez, nous mettrons en place plusieurs cookies pour enregistrer vos informations de connexion et vos choix d&#8217;affichage de l&#8217;\u00e9cran.<\/p>\r\n<h2>Contenu int\u00e9gr\u00e9 provenant d&#8217;autres sites web<\/h2>\r\n<p>Les pages de ce site peuvent inclure du contenu int\u00e9gr\u00e9 (par exemple des vid\u00e9os, images, articles, etc.). Le contenu int\u00e9gr\u00e9 provenant d&#8217;autres sites web se comporte de la m\u00eame mani\u00e8re que si le visiteur avait visit\u00e9 l&#8217;autre site web.<\/p>\r\n<p>Ces sites web peuvent collecter des donn\u00e9es sur vous, utiliser des cookies, int\u00e9grer des suivis suppl\u00e9mentaires de tiers, et surveiller votre interaction avec ce contenu int\u00e9gr\u00e9, y compris suivre votre interaction avec le contenu int\u00e9gr\u00e9 si vous avez un compte et \u00eates connect\u00e9 \u00e0 ce site web.<\/p>\r\n<h2>Avec qui nous partageons vos donn\u00e9es<\/h2>\r\n<p>Si vous demandez une r\u00e9initialisation de mot de passe, votre adresse IP sera incluse dans l&#8217;e-mail de r\u00e9initialisation.<\/p>\r\n<h2>O\u00f9 nous envoyons vos donn\u00e9es<\/h2>\r\n<p>Les commentaires des visiteurs peuvent \u00eatre v\u00e9rifi\u00e9s via un service automatis\u00e9 de d\u00e9tection de spam.<\/p>\r\n","protected":false},"excerpt":{"rendered":"<p>Qui nous sommes L&#8217;adresse de notre site web est : https:\/\/gimbert.com. Cookies Si vous laissez un commentaire sur notre site, vous pouvez choisir d&#8217;enregistrer votre nom, adresse e-mail et site web dans des cookies. Ces cookies sont l\u00e0 pour votre convenence afin que vous n&#8217;ayez pas \u00e0 remplir \u00e0 nouveau vos informations lorsque vous laissez [&#8230;]<\/p>\n<p><a class=\"btn btn-secondary understrap-read-more-link\" href=\"https:\/\/gimbert.ca\/fr\/politique-de-confidentialite\/\">Lire davantage&#8230;<\/a><\/p>\n","protected":false},"author":1,"featured_media":0,"parent":0,"menu_order":0,"comment_status":"closed","ping_status":"closed","template":"page-templates\/tmp_privacy.php","meta":{"_acf_changed":false,"footnotes":""},"acf":[],"yoast_head":"<!-- This site is optimized with the Yoast SEO plugin v23.1 - https:\/\/yoast.com\/wordpress\/plugins\/seo\/ -->\n<title>Politique de confidentialit\u00e9 - St\u00e9phane Gimbert<\/title>\n<meta name=\"robots\" content=\"index, follow, max-snippet:-1, max-image-preview:large, max-video-preview:-1\" \/>\n<link rel=\"canonical\" href=\"https:\/\/gimbert.ca\/fr\/politique-de-confidentialite\/\" \/>\n<meta property=\"og:locale\" content=\"fr_FR\" \/>\n<meta property=\"og:type\" content=\"article\" \/>\n<meta property=\"og:title\" content=\"Politique de confidentialit\u00e9 - St\u00e9phane Gimbert\" \/>\n<meta property=\"og:description\" content=\"Qui nous sommes L&#8217;adresse de notre site web est : https:\/\/gimbert.com. Cookies Si vous laissez un commentaire sur notre site, vous pouvez choisir d&#8217;enregistrer votre nom, adresse e-mail et site web dans des cookies. Ces cookies sont l\u00e0 pour votre convenence afin que vous n&#8217;ayez pas \u00e0 remplir \u00e0 nouveau vos informations lorsque vous laissez [...]Lire davantage...\" \/>\n<meta property=\"og:url\" content=\"https:\/\/gimbert.ca\/fr\/politique-de-confidentialite\/\" \/>\n<meta property=\"og:site_name\" content=\"St\u00e9phane Gimbert\" \/>\n<meta property=\"article:modified_time\" content=\"2024-06-06T12:54:34+00:00\" \/>\n<meta property=\"og:image\" content=\"https:\/\/gimbert.ca\/wp-content\/uploads\/2024\/04\/Ioche-Stephane-Gimbert-\u2014-Photo-\u00a9-Alex-Lesage-33.jpg\" \/>\n\t<meta property=\"og:image:width\" content=\"2500\" \/>\n\t<meta property=\"og:image:height\" content=\"1667\" \/>\n\t<meta property=\"og:image:type\" content=\"image\/jpeg\" \/>\n<meta name=\"twitter:card\" content=\"summary_large_image\" \/>\n<meta name=\"twitter:label1\" content=\"Est. reading time\" \/>\n\t<meta name=\"twitter:data1\" content=\"1 minute\" \/>\n<script type=\"application\/ld+json\" class=\"yoast-schema-graph\">{\"@context\":\"https:\/\/schema.org\",\"@graph\":[{\"@type\":\"WebPage\",\"@id\":\"https:\/\/gimbert.ca\/fr\/politique-de-confidentialite\/\",\"url\":\"https:\/\/gimbert.ca\/fr\/politique-de-confidentialite\/\",\"name\":\"Politique de confidentialit\u00e9 - St\u00e9phane Gimbert\",\"isPartOf\":{\"@id\":\"https:\/\/gimbert.ca\/fr\/#website\"},\"datePublished\":\"2021-10-01T20:09:53+00:00\",\"dateModified\":\"2024-06-06T12:54:34+00:00\",\"breadcrumb\":{\"@id\":\"https:\/\/gimbert.ca\/fr\/politique-de-confidentialite\/#breadcrumb\"},\"inLanguage\":\"fr-FR\",\"potentialAction\":[{\"@type\":\"ReadAction\",\"target\":[\"https:\/\/gimbert.ca\/fr\/politique-de-confidentialite\/\"]}]},{\"@type\":\"BreadcrumbList\",\"@id\":\"https:\/\/gimbert.ca\/fr\/politique-de-confidentialite\/#breadcrumb\",\"itemListElement\":[{\"@type\":\"ListItem\",\"position\":1,\"name\":\"Home\",\"item\":\"https:\/\/gimbert.ca\/fr\/\"},{\"@type\":\"ListItem\",\"position\":2,\"name\":\"Politique de confidentialit\u00e9\"}]},{\"@type\":\"WebSite\",\"@id\":\"https:\/\/gimbert.ca\/fr\/#website\",\"url\":\"https:\/\/gimbert.ca\/fr\/\",\"name\":\"GIM BERT\",\"description\":\"Sculptural, functional and experimental Design\",\"publisher\":{\"@id\":\"https:\/\/gimbert.ca\/fr\/#\/schema\/person\/c62f0696d1aabab2f1e7fdbb737c01eb\"},\"potentialAction\":[{\"@type\":\"SearchAction\",\"target\":{\"@type\":\"EntryPoint\",\"urlTemplate\":\"https:\/\/gimbert.ca\/fr\/?s={search_term_string}\"},\"query-input\":\"required name=search_term_string\"}],\"inLanguage\":\"fr-FR\"},{\"@type\":[\"Person\",\"Organization\"],\"@id\":\"https:\/\/gimbert.ca\/fr\/#\/schema\/person\/c62f0696d1aabab2f1e7fdbb737c01eb\",\"name\":\"Stephane Gimbert\",\"image\":{\"@type\":\"ImageObject\",\"inLanguage\":\"fr-FR\",\"@id\":\"https:\/\/gimbert.ca\/fr\/#\/schema\/person\/image\/\",\"url\":\"https:\/\/gimbert.ca\/wp-content\/uploads\/2021\/09\/GIM-BERT.svg\",\"contentUrl\":\"https:\/\/gimbert.ca\/wp-content\/uploads\/2021\/09\/GIM-BERT.svg\",\"width\":464,\"height\":120,\"caption\":\"Stephane Gimbert\"},\"logo\":{\"@id\":\"https:\/\/gimbert.ca\/fr\/#\/schema\/person\/image\/\"},\"description\":\"Sculptural, functional and experimental. GIM BERT questions the tropes and ideals of classical design \u2013 moving away from the sombre and the subtle to adopt a more dynamic and playful approach. From his studio in Montreal, GIM BERT creates innovative designs that are informed by movement \u2013 a moment of kinetic energy, frozen in time. Drawing from his background in science, cinema and construction, GIM BERT brings a striking sculptural sensibility to objects that are functional \u2013 quotidien, even. Pendants and lamps take fluid organic forms, with smooth glass-like layers that drip, spill, pool and ooze \u2013 caught between states, at once solid and liquid. GIM BERT pours, building liquid layers, one atop the other, until a pleasing sense of volume is created and an interesting silhouette appears \u2013 at which point the sculpture is complete. Through analysis and questioning, GIM BERT reimagines the staircase \u2013 removing elements that once felt essential, and rebuilding with high-tech and high drama. Visually inventive and masterfully engineered, these pieces play with perceptions of strength and solidity. An injection of colour and character, GIM BERT is defined by a sense of play and curiosity, and each object demands attention \u2013 it must be inspected, walked around and interacted with. Deep pink, oil-slick black, red-sanguine and the perfect blue-grey; GIM BERT expertly balances shape and texture with colour and tone, mixing his own paints to create a well-judged yet impactful colour palette. Formed at the point between chaos and order, GIM BERT perfectly balances pure art with pure design.\"}]}<\/script>\n<!-- \/ Yoast SEO plugin. -->","yoast_head_json":{"title":"Politique de confidentialit\u00e9 - St\u00e9phane Gimbert","robots":{"index":"index","follow":"follow","max-snippet":"max-snippet:-1","max-image-preview":"max-image-preview:large","max-video-preview":"max-video-preview:-1"},"canonical":"https:\/\/gimbert.ca\/fr\/politique-de-confidentialite\/","og_locale":"fr_FR","og_type":"article","og_title":"Politique de confidentialit\u00e9 - St\u00e9phane Gimbert","og_description":"Qui nous sommes L&#8217;adresse de notre site web est : https:\/\/gimbert.com. Cookies Si vous laissez un commentaire sur notre site, vous pouvez choisir d&#8217;enregistrer votre nom, adresse e-mail et site web dans des cookies. Ces cookies sont l\u00e0 pour votre convenence afin que vous n&#8217;ayez pas \u00e0 remplir \u00e0 nouveau vos informations lorsque vous laissez [...]Lire davantage...","og_url":"https:\/\/gimbert.ca\/fr\/politique-de-confidentialite\/","og_site_name":"St\u00e9phane Gimbert","article_modified_time":"2024-06-06T12:54:34+00:00","og_image":[{"width":2500,"height":1667,"url":"https:\/\/gimbert.ca\/wp-content\/uploads\/2024\/04\/Ioche-Stephane-Gimbert-\u2014-Photo-\u00a9-Alex-Lesage-33.jpg","type":"image\/jpeg"}],"twitter_card":"summary_large_image","twitter_misc":{"Est. reading time":"1 minute"},"schema":{"@context":"https:\/\/schema.org","@graph":[{"@type":"WebPage","@id":"https:\/\/gimbert.ca\/fr\/politique-de-confidentialite\/","url":"https:\/\/gimbert.ca\/fr\/politique-de-confidentialite\/","name":"Politique de confidentialit\u00e9 - St\u00e9phane Gimbert","isPartOf":{"@id":"https:\/\/gimbert.ca\/fr\/#website"},"datePublished":"2021-10-01T20:09:53+00:00","dateModified":"2024-06-06T12:54:34+00:00","breadcrumb":{"@id":"https:\/\/gimbert.ca\/fr\/politique-de-confidentialite\/#breadcrumb"},"inLanguage":"fr-FR","potentialAction":[{"@type":"ReadAction","target":["https:\/\/gimbert.ca\/fr\/politique-de-confidentialite\/"]}]},{"@type":"BreadcrumbList","@id":"https:\/\/gimbert.ca\/fr\/politique-de-confidentialite\/#breadcrumb","itemListElement":[{"@type":"ListItem","position":1,"name":"Home","item":"https:\/\/gimbert.ca\/fr\/"},{"@type":"ListItem","position":2,"name":"Politique de confidentialit\u00e9"}]},{"@type":"WebSite","@id":"https:\/\/gimbert.ca\/fr\/#website","url":"https:\/\/gimbert.ca\/fr\/","name":"GIM BERT","description":"Sculptural, functional and experimental Design","publisher":{"@id":"https:\/\/gimbert.ca\/fr\/#\/schema\/person\/c62f0696d1aabab2f1e7fdbb737c01eb"},"potentialAction":[{"@type":"SearchAction","target":{"@type":"EntryPoint","urlTemplate":"https:\/\/gimbert.ca\/fr\/?s={search_term_string}"},"query-input":"required name=search_term_string"}],"inLanguage":"fr-FR"},{"@type":["Person","Organization"],"@id":"https:\/\/gimbert.ca\/fr\/#\/schema\/person\/c62f0696d1aabab2f1e7fdbb737c01eb","name":"Stephane Gimbert","image":{"@type":"ImageObject","inLanguage":"fr-FR","@id":"https:\/\/gimbert.ca\/fr\/#\/schema\/person\/image\/","url":"https:\/\/gimbert.ca\/wp-content\/uploads\/2021\/09\/GIM-BERT.svg","contentUrl":"https:\/\/gimbert.ca\/wp-content\/uploads\/2021\/09\/GIM-BERT.svg","width":464,"height":120,"caption":"Stephane Gimbert"},"logo":{"@id":"https:\/\/gimbert.ca\/fr\/#\/schema\/person\/image\/"},"description":"Sculptural, functional and experimental. GIM BERT questions the tropes and ideals of classical design \u2013 moving away from the sombre and the subtle to adopt a more dynamic and playful approach. From his studio in Montreal, GIM BERT creates innovative designs that are informed by movement \u2013 a moment of kinetic energy, frozen in time. Drawing from his background in science, cinema and construction, GIM BERT brings a striking sculptural sensibility to objects that are functional \u2013 quotidien, even. Pendants and lamps take fluid organic forms, with smooth glass-like layers that drip, spill, pool and ooze \u2013 caught between states, at once solid and liquid. GIM BERT pours, building liquid layers, one atop the other, until a pleasing sense of volume is created and an interesting silhouette appears \u2013 at which point the sculpture is complete. Through analysis and questioning, GIM BERT reimagines the staircase \u2013 removing elements that once felt essential, and rebuilding with high-tech and high drama. Visually inventive and masterfully engineered, these pieces play with perceptions of strength and solidity. An injection of colour and character, GIM BERT is defined by a sense of play and curiosity, and each object demands attention \u2013 it must be inspected, walked around and interacted with. Deep pink, oil-slick black, red-sanguine and the perfect blue-grey; GIM BERT expertly balances shape and texture with colour and tone, mixing his own paints to create a well-judged yet impactful colour palette. Formed at the point between chaos and order, GIM BERT perfectly balances pure art with pure design."}]}},"_links":{"self":[{"href":"https:\/\/gimbert.ca\/fr\/wp-json\/wp\/v2\/pages\/606"}],"collection":[{"href":"https:\/\/gimbert.ca\/fr\/wp-json\/wp\/v2\/pages"}],"about":[{"href":"https:\/\/gimbert.ca\/fr\/wp-json\/wp\/v2\/types\/page"}],"author":[{"embeddable":true,"href":"https:\/\/gimbert.ca\/fr\/wp-json\/wp\/v2\/users\/1"}],"replies":[{"embeddable":true,"href":"https:\/\/gimbert.ca\/fr\/wp-json\/wp\/v2\/comments?post=606"}],"version-history":[{"count":7,"href":"https:\/\/gimbert.ca\/fr\/wp-json\/wp\/v2\/pages\/606\/revisions"}],"predecessor-version":[{"id":618,"href":"https:\/\/gimbert.ca\/fr\/wp-json\/wp\/v2\/pages\/606\/revisions\/618"}],"wp:attachment":[{"href":"https:\/\/gimbert.ca\/fr\/wp-json\/wp\/v2\/media?parent=606"}],"curies":[{"name":"wp","href":"https:\/\/api.w.org\/{rel}","templated":true}]}}