{"id":159,"date":"2021-09-28T16:17:37","date_gmt":"2021-09-28T20:17:37","guid":{"rendered":"http:\/\/localhost:10053\/contact\/"},"modified":"2024-06-06T09:57:11","modified_gmt":"2024-06-06T13:57:11","slug":"contact","status":"publish","type":"page","link":"https:\/\/gimbert.ca\/fr\/contact\/","title":{"rendered":"Contact"},"content":{"rendered":"","protected":false},"excerpt":{"rendered":"<p> [&#8230;]<\/p>\n<p><a class=\"btn btn-secondary understrap-read-more-link\" href=\"https:\/\/gimbert.ca\/fr\/contact\/\">Lire davantage&#8230;<\/a><\/p>\n","protected":false},"author":1,"featured_media":0,"parent":0,"menu_order":0,"comment_status":"closed","ping_status":"closed","template":"page-templates\/tmp_contact.php","meta":{"_acf_changed":false,"footnotes":""},"acf":[],"yoast_head":"<!-- This site is optimized with the Yoast SEO plugin v23.1 - https:\/\/yoast.com\/wordpress\/plugins\/seo\/ -->\n<title>Contact - St\u00e9phane Gimbert<\/title>\n<meta name=\"description\" content=\"Sculpturales et intuitives, les \u0153uvres de GIM BERT participent \u00e0 la red\u00e9finition du design en s\u2019inscrivant en force dans le mouvement de l\u2019art fonctionnel. Depuis son studio de Montr\u00e9al, St\u00e9phane Gimbert tente de saisir le mouvement pour fixer des instants d\u2019\u00e9ternit\u00e9 dans sa production d\u2019objets d\u2019art. Son approche dynamique et ludique cr\u00e9e des designs innovants qui mettent l\u2019intuition pratique au service de l\u2019art et de l\u2019\u00e9motion.\" \/>\n<meta name=\"robots\" content=\"index, follow, max-snippet:-1, max-image-preview:large, max-video-preview:-1\" \/>\n<link rel=\"canonical\" href=\"https:\/\/gimbert.ca\/fr\/contact\/\" \/>\n<meta property=\"og:locale\" content=\"fr_FR\" \/>\n<meta property=\"og:type\" content=\"article\" \/>\n<meta property=\"og:title\" content=\"Contact - St\u00e9phane Gimbert\" \/>\n<meta property=\"og:description\" content=\"Sculpturales et intuitives, les \u0153uvres de GIM BERT participent \u00e0 la red\u00e9finition du design en s\u2019inscrivant en force dans le mouvement de l\u2019art fonctionnel. Depuis son studio de Montr\u00e9al, St\u00e9phane Gimbert tente de saisir le mouvement pour fixer des instants d\u2019\u00e9ternit\u00e9 dans sa production d\u2019objets d\u2019art. Son approche dynamique et ludique cr\u00e9e des designs innovants qui mettent l\u2019intuition pratique au service de l\u2019art et de l\u2019\u00e9motion.\" \/>\n<meta property=\"og:url\" content=\"https:\/\/gimbert.ca\/fr\/contact\/\" \/>\n<meta property=\"og:site_name\" content=\"St\u00e9phane Gimbert\" \/>\n<meta property=\"article:modified_time\" content=\"2024-06-06T13:57:11+00:00\" \/>\n<meta property=\"og:image\" content=\"https:\/\/gimbert.ca\/wp-content\/uploads\/2024\/04\/Ioche-Stephane-Gimbert-\u2014-Photo-\u00a9-Alex-Lesage-33.jpg\" \/>\n\t<meta property=\"og:image:width\" content=\"2500\" \/>\n\t<meta property=\"og:image:height\" content=\"1667\" \/>\n\t<meta property=\"og:image:type\" content=\"image\/jpeg\" \/>\n<meta name=\"twitter:card\" content=\"summary_large_image\" \/>\n<script type=\"application\/ld+json\" class=\"yoast-schema-graph\">{\"@context\":\"https:\/\/schema.org\",\"@graph\":[{\"@type\":\"WebPage\",\"@id\":\"https:\/\/gimbert.ca\/fr\/contact\/\",\"url\":\"https:\/\/gimbert.ca\/fr\/contact\/\",\"name\":\"Contact - St\u00e9phane Gimbert\",\"isPartOf\":{\"@id\":\"https:\/\/gimbert.ca\/fr\/#website\"},\"datePublished\":\"2021-09-28T20:17:37+00:00\",\"dateModified\":\"2024-06-06T13:57:11+00:00\",\"description\":\"Sculpturales et intuitives, les \u0153uvres de GIM BERT participent \u00e0 la red\u00e9finition du design en s\u2019inscrivant en force dans le mouvement de l\u2019art fonctionnel. Depuis son studio de Montr\u00e9al, St\u00e9phane Gimbert tente de saisir le mouvement pour fixer des instants d\u2019\u00e9ternit\u00e9 dans sa production d\u2019objets d\u2019art. Son approche dynamique et ludique cr\u00e9e des designs innovants qui mettent l\u2019intuition pratique au service de l\u2019art et de l\u2019\u00e9motion.\",\"breadcrumb\":{\"@id\":\"https:\/\/gimbert.ca\/fr\/contact\/#breadcrumb\"},\"inLanguage\":\"fr-FR\",\"potentialAction\":[{\"@type\":\"ReadAction\",\"target\":[\"https:\/\/gimbert.ca\/fr\/contact\/\"]}]},{\"@type\":\"BreadcrumbList\",\"@id\":\"https:\/\/gimbert.ca\/fr\/contact\/#breadcrumb\",\"itemListElement\":[{\"@type\":\"ListItem\",\"position\":1,\"name\":\"Home\",\"item\":\"https:\/\/gimbert.ca\/fr\/\"},{\"@type\":\"ListItem\",\"position\":2,\"name\":\"Contact\"}]},{\"@type\":\"WebSite\",\"@id\":\"https:\/\/gimbert.ca\/fr\/#website\",\"url\":\"https:\/\/gimbert.ca\/fr\/\",\"name\":\"GIM BERT\",\"description\":\"Sculptural, functional and experimental Design\",\"publisher\":{\"@id\":\"https:\/\/gimbert.ca\/fr\/#\/schema\/person\/c62f0696d1aabab2f1e7fdbb737c01eb\"},\"potentialAction\":[{\"@type\":\"SearchAction\",\"target\":{\"@type\":\"EntryPoint\",\"urlTemplate\":\"https:\/\/gimbert.ca\/fr\/?s={search_term_string}\"},\"query-input\":\"required name=search_term_string\"}],\"inLanguage\":\"fr-FR\"},{\"@type\":[\"Person\",\"Organization\"],\"@id\":\"https:\/\/gimbert.ca\/fr\/#\/schema\/person\/c62f0696d1aabab2f1e7fdbb737c01eb\",\"name\":\"Stephane Gimbert\",\"image\":{\"@type\":\"ImageObject\",\"inLanguage\":\"fr-FR\",\"@id\":\"https:\/\/gimbert.ca\/fr\/#\/schema\/person\/image\/\",\"url\":\"https:\/\/gimbert.ca\/wp-content\/uploads\/2021\/09\/GIM-BERT.svg\",\"contentUrl\":\"https:\/\/gimbert.ca\/wp-content\/uploads\/2021\/09\/GIM-BERT.svg\",\"width\":464,\"height\":120,\"caption\":\"Stephane Gimbert\"},\"logo\":{\"@id\":\"https:\/\/gimbert.ca\/fr\/#\/schema\/person\/image\/\"},\"description\":\"Sculptural, functional and experimental. GIM BERT questions the tropes and ideals of classical design \u2013 moving away from the sombre and the subtle to adopt a more dynamic and playful approach. From his studio in Montreal, GIM BERT creates innovative designs that are informed by movement \u2013 a moment of kinetic energy, frozen in time. Drawing from his background in science, cinema and construction, GIM BERT brings a striking sculptural sensibility to objects that are functional \u2013 quotidien, even. Pendants and lamps take fluid organic forms, with smooth glass-like layers that drip, spill, pool and ooze \u2013 caught between states, at once solid and liquid. GIM BERT pours, building liquid layers, one atop the other, until a pleasing sense of volume is created and an interesting silhouette appears \u2013 at which point the sculpture is complete. Through analysis and questioning, GIM BERT reimagines the staircase \u2013 removing elements that once felt essential, and rebuilding with high-tech and high drama. Visually inventive and masterfully engineered, these pieces play with perceptions of strength and solidity. An injection of colour and character, GIM BERT is defined by a sense of play and curiosity, and each object demands attention \u2013 it must be inspected, walked around and interacted with. Deep pink, oil-slick black, red-sanguine and the perfect blue-grey; GIM BERT expertly balances shape and texture with colour and tone, mixing his own paints to create a well-judged yet impactful colour palette. Formed at the point between chaos and order, GIM BERT perfectly balances pure art with pure design.\"}]}<\/script>\n<!-- \/ Yoast SEO plugin. -->","yoast_head_json":{"title":"Contact - St\u00e9phane Gimbert","description":"Sculpturales et intuitives, les \u0153uvres de GIM BERT participent \u00e0 la red\u00e9finition du design en s\u2019inscrivant en force dans le mouvement de l\u2019art fonctionnel. Depuis son studio de Montr\u00e9al, St\u00e9phane Gimbert tente de saisir le mouvement pour fixer des instants d\u2019\u00e9ternit\u00e9 dans sa production d\u2019objets d\u2019art. Son approche dynamique et ludique cr\u00e9e des designs innovants qui mettent l\u2019intuition pratique au service de l\u2019art et de l\u2019\u00e9motion.","robots":{"index":"index","follow":"follow","max-snippet":"max-snippet:-1","max-image-preview":"max-image-preview:large","max-video-preview":"max-video-preview:-1"},"canonical":"https:\/\/gimbert.ca\/fr\/contact\/","og_locale":"fr_FR","og_type":"article","og_title":"Contact - St\u00e9phane Gimbert","og_description":"Sculpturales et intuitives, les \u0153uvres de GIM BERT participent \u00e0 la red\u00e9finition du design en s\u2019inscrivant en force dans le mouvement de l\u2019art fonctionnel. Depuis son studio de Montr\u00e9al, St\u00e9phane Gimbert tente de saisir le mouvement pour fixer des instants d\u2019\u00e9ternit\u00e9 dans sa production d\u2019objets d\u2019art. Son approche dynamique et ludique cr\u00e9e des designs innovants qui mettent l\u2019intuition pratique au service de l\u2019art et de l\u2019\u00e9motion.","og_url":"https:\/\/gimbert.ca\/fr\/contact\/","og_site_name":"St\u00e9phane Gimbert","article_modified_time":"2024-06-06T13:57:11+00:00","og_image":[{"width":2500,"height":1667,"url":"https:\/\/gimbert.ca\/wp-content\/uploads\/2024\/04\/Ioche-Stephane-Gimbert-\u2014-Photo-\u00a9-Alex-Lesage-33.jpg","type":"image\/jpeg"}],"twitter_card":"summary_large_image","schema":{"@context":"https:\/\/schema.org","@graph":[{"@type":"WebPage","@id":"https:\/\/gimbert.ca\/fr\/contact\/","url":"https:\/\/gimbert.ca\/fr\/contact\/","name":"Contact - St\u00e9phane Gimbert","isPartOf":{"@id":"https:\/\/gimbert.ca\/fr\/#website"},"datePublished":"2021-09-28T20:17:37+00:00","dateModified":"2024-06-06T13:57:11+00:00","description":"Sculpturales et intuitives, les \u0153uvres de GIM BERT participent \u00e0 la red\u00e9finition du design en s\u2019inscrivant en force dans le mouvement de l\u2019art fonctionnel. Depuis son studio de Montr\u00e9al, St\u00e9phane Gimbert tente de saisir le mouvement pour fixer des instants d\u2019\u00e9ternit\u00e9 dans sa production d\u2019objets d\u2019art. Son approche dynamique et ludique cr\u00e9e des designs innovants qui mettent l\u2019intuition pratique au service de l\u2019art et de l\u2019\u00e9motion.","breadcrumb":{"@id":"https:\/\/gimbert.ca\/fr\/contact\/#breadcrumb"},"inLanguage":"fr-FR","potentialAction":[{"@type":"ReadAction","target":["https:\/\/gimbert.ca\/fr\/contact\/"]}]},{"@type":"BreadcrumbList","@id":"https:\/\/gimbert.ca\/fr\/contact\/#breadcrumb","itemListElement":[{"@type":"ListItem","position":1,"name":"Home","item":"https:\/\/gimbert.ca\/fr\/"},{"@type":"ListItem","position":2,"name":"Contact"}]},{"@type":"WebSite","@id":"https:\/\/gimbert.ca\/fr\/#website","url":"https:\/\/gimbert.ca\/fr\/","name":"GIM BERT","description":"Sculptural, functional and experimental Design","publisher":{"@id":"https:\/\/gimbert.ca\/fr\/#\/schema\/person\/c62f0696d1aabab2f1e7fdbb737c01eb"},"potentialAction":[{"@type":"SearchAction","target":{"@type":"EntryPoint","urlTemplate":"https:\/\/gimbert.ca\/fr\/?s={search_term_string}"},"query-input":"required name=search_term_string"}],"inLanguage":"fr-FR"},{"@type":["Person","Organization"],"@id":"https:\/\/gimbert.ca\/fr\/#\/schema\/person\/c62f0696d1aabab2f1e7fdbb737c01eb","name":"Stephane Gimbert","image":{"@type":"ImageObject","inLanguage":"fr-FR","@id":"https:\/\/gimbert.ca\/fr\/#\/schema\/person\/image\/","url":"https:\/\/gimbert.ca\/wp-content\/uploads\/2021\/09\/GIM-BERT.svg","contentUrl":"https:\/\/gimbert.ca\/wp-content\/uploads\/2021\/09\/GIM-BERT.svg","width":464,"height":120,"caption":"Stephane Gimbert"},"logo":{"@id":"https:\/\/gimbert.ca\/fr\/#\/schema\/person\/image\/"},"description":"Sculptural, functional and experimental. GIM BERT questions the tropes and ideals of classical design \u2013 moving away from the sombre and the subtle to adopt a more dynamic and playful approach. From his studio in Montreal, GIM BERT creates innovative designs that are informed by movement \u2013 a moment of kinetic energy, frozen in time. Drawing from his background in science, cinema and construction, GIM BERT brings a striking sculptural sensibility to objects that are functional \u2013 quotidien, even. Pendants and lamps take fluid organic forms, with smooth glass-like layers that drip, spill, pool and ooze \u2013 caught between states, at once solid and liquid. GIM BERT pours, building liquid layers, one atop the other, until a pleasing sense of volume is created and an interesting silhouette appears \u2013 at which point the sculpture is complete. Through analysis and questioning, GIM BERT reimagines the staircase \u2013 removing elements that once felt essential, and rebuilding with high-tech and high drama. Visually inventive and masterfully engineered, these pieces play with perceptions of strength and solidity. An injection of colour and character, GIM BERT is defined by a sense of play and curiosity, and each object demands attention \u2013 it must be inspected, walked around and interacted with. Deep pink, oil-slick black, red-sanguine and the perfect blue-grey; GIM BERT expertly balances shape and texture with colour and tone, mixing his own paints to create a well-judged yet impactful colour palette. Formed at the point between chaos and order, GIM BERT perfectly balances pure art with pure design."}]}},"_links":{"self":[{"href":"https:\/\/gimbert.ca\/fr\/wp-json\/wp\/v2\/pages\/159"}],"collection":[{"href":"https:\/\/gimbert.ca\/fr\/wp-json\/wp\/v2\/pages"}],"about":[{"href":"https:\/\/gimbert.ca\/fr\/wp-json\/wp\/v2\/types\/page"}],"author":[{"embeddable":true,"href":"https:\/\/gimbert.ca\/fr\/wp-json\/wp\/v2\/users\/1"}],"replies":[{"embeddable":true,"href":"https:\/\/gimbert.ca\/fr\/wp-json\/wp\/v2\/comments?post=159"}],"version-history":[{"count":1,"href":"https:\/\/gimbert.ca\/fr\/wp-json\/wp\/v2\/pages\/159\/revisions"}],"predecessor-version":[{"id":620,"href":"https:\/\/gimbert.ca\/fr\/wp-json\/wp\/v2\/pages\/159\/revisions\/620"}],"wp:attachment":[{"href":"https:\/\/gimbert.ca\/fr\/wp-json\/wp\/v2\/media?parent=159"}],"curies":[{"name":"wp","href":"https:\/\/api.w.org\/{rel}","templated":true}]}}